{"id":7247,"date":"2023-11-29T19:34:45","date_gmt":"2023-11-29T19:34:45","guid":{"rendered":"https:\/\/www.esmedic.pl\/?page_id=7247"},"modified":"2024-02-15T19:26:15","modified_gmt":"2024-02-15T19:26:15","slug":"newsletter-regulations","status":"publish","type":"page","link":"https:\/\/www.esmedic.pl\/en\/newsletter-regulations\/","title":{"rendered":"Newsletter regulations"},"content":{"rendered":"<h2><strong>Newsletter regulations<\/strong><\/h2>\n<p>ESMEDIC store<\/p>\n<h3>\n<strong>\u00a7 1 DEFINITIONS<\/strong><\/h3>\n<p>Newsletter &#8211; a service provided free of charge electronically, thanks to which the Service<br \/>\nUser may receive from the Service Provider electronically previously ordered messages<br \/>\nregarding the Store, including information about offers, promotions and new products in the<br \/>\nStore.<\/p>\n<p>Store \u2013 ESMEDIC online store run by the Service Provider at https:\/\/esmedic.pl<\/p>\n<p>Service provider &#8211; NANO ONE GROUP SP\u00d3\u0141KA Z OGRANICZON\u0104<br \/>\nODPOWIEDZIALNO\u015aCI\u0104 with its registered office at al. Krakowska 165\/B17, 05-552 \u0141azy,<br \/>\nentered into the National Court Register &#8211; Register of Entrepreneurs by the District Court for<br \/>\nthe Capital City of Warsaw. WARSAW IN WARSAW, 14TH COMMERCIAL DEPARTMENT<br \/>\nOF THE NATIONAL COURT REGISTER, KRS no. 0000924421, NIP 7831843940, REGON<br \/>\nno. 520064629, share capital: PLN 5,000.00.<\/p>\n<p>Service Recipient &#8211; any entity using the Newsletter service.<\/p>\n<h3>\n<strong>\u00a7 2 Newsletter<\/strong><\/h3>\n<p>1. The service recipient may voluntarily use the Newsletter service.<br \/>\n2. To use the Newsletter service, you need a device with the latest version of a web browser<br \/>\nthat supports JavaScript and cookies, access to the Internet and an active e-mail account.<br \/>\n3. E-mail messages sent as part of this service will be sent to the e-mail address provided by<br \/>\nthe Service User when subscribing to the Newsletter.<br \/>\n4. In order to conclude a contract and subscribe to the Newsletter service, the Service<br \/>\nRecipient, in the first step, provides his e-mail address in the designated place on the<br \/>\nWebsite to which he wants to receive messages sent as part of the Newsletter. Then, to the<br \/>\ne-mail address provided in the first step, the Service Provider will send the Service User a<br \/>\nmessage verifying the e-mail address, which will include a link to confirm the Service User&#8217;s<br \/>\nwill to subscribe to the Newsletter. After the Service Recipient confirms his will to subscribe<br \/>\nto the Newsletter, a service provision agreement is concluded and the Service Provider will<br \/>\nstart providing it to the Service Recipient.<br \/>\n5. Messages sent as part of the Newsletter will include information about the possibility of<br \/>\nunsubscribing from it, as well as a link to unsubscribe.<br \/>\n6. The Service Recipient may unsubscribe from the Newsletter, without giving a reason or<br \/>\nincurring any costs, at any time, using the option referred to in section 5 or by sending a<br \/>\nmessage to the Service Provider&#8217;s e-mail address: biuro@esmedic.pl.<br \/>\n7. If the Service User uses the link to unsubscribe from the Newsletter or sends a message<br \/>\nrequesting unsubscription from the Newsletter, this will result in immediate termination of the<br \/>\ncontract for the provision of this service.<\/p>\n<h3>\n<strong>\u00a7 3 Complaints<\/strong><\/h3>\n<p>1. Complaints regarding the Newsletter should be reported to the Service Provider at the<br \/>\ne-mail address: biuro@esmedic.pl.<br \/>\n2. The Service Provider will respond to the complaint within 14 days of receiving the<br \/>\ncomplaint.<\/p>\n<h3>\n<strong>\u00a7 4 Personal data<\/strong><\/h3>\n<p>1. The administrator of personal data provided by the Service User when using the<br \/>\nNewsletter is the Service Provider.<br \/>\n2. The Service Recipient&#8217;s personal data are processed on the basis of the contract and for<br \/>\nthe purpose of its implementation, in accordance with the principles set out in the General<br \/>\nRegulation of the European Parliament and of the Council (EU) on data protection (GDPR).<br \/>\nDetailed information on data processing by the Seller can be found in the privacy policy<br \/>\nposted in the Store.<\/p>\n<h3>\n<strong>\u00a7 5 Final provisions<\/strong><\/h3>\n<p>1. The Service Provider reserves the right to change these regulations only for important<br \/>\nreasons. An important reason is understood as the need to change the regulations caused<br \/>\nby the modernization of the Newsletter service or a change in legal provisions affecting the<br \/>\nprovision of the service by the Service Provider.<br \/>\n2. Information about the planned change to the regulations will be sent to the e-mail address<br \/>\nof the Service User provided when subscribing to the Newsletter at least 7 days before the<br \/>\nchanges come into force.<br \/>\n3. If the Service Recipient does not object to the planned changes until they enter into force,<br \/>\nit is assumed that he accepts them.<br \/>\n4. If the planned changes are not accepted, the Service Recipient should send information<br \/>\nabout it to the Service Provider&#8217;s e-mail address: biuro@esmedic.pl, which will result in<br \/>\ntermination of the service provision agreement when the planned changes come into force.<br \/>\n5. The Service User is prohibited from providing illegal content.<\/p>","protected":false},"excerpt":{"rendered":"<p>Newsletter regulations ESMEDIC store \u00a7 1 DEFINITIONS Newsletter &#8211; a service provided free of charge electronically, thanks to which the Service User may receive from the Service Provider electronically previously ordered messages regarding the Store, including information about offers, promotions and new products in the Store. Store \u2013 ESMEDIC online store run by the Service [&hellip;]<\/p>","protected":false},"author":1,"featured_media":0,"parent":0,"menu_order":0,"comment_status":"closed","ping_status":"closed","template":"","meta":{"footnotes":""},"_links":{"self":[{"href":"https:\/\/www.esmedic.pl\/en\/wp-json\/wp\/v2\/pages\/7247"}],"collection":[{"href":"https:\/\/www.esmedic.pl\/en\/wp-json\/wp\/v2\/pages"}],"about":[{"href":"https:\/\/www.esmedic.pl\/en\/wp-json\/wp\/v2\/types\/page"}],"author":[{"embeddable":true,"href":"https:\/\/www.esmedic.pl\/en\/wp-json\/wp\/v2\/users\/1"}],"replies":[{"embeddable":true,"href":"https:\/\/www.esmedic.pl\/en\/wp-json\/wp\/v2\/comments?post=7247"}],"version-history":[{"count":7,"href":"https:\/\/www.esmedic.pl\/en\/wp-json\/wp\/v2\/pages\/7247\/revisions"}],"predecessor-version":[{"id":7524,"href":"https:\/\/www.esmedic.pl\/en\/wp-json\/wp\/v2\/pages\/7247\/revisions\/7524"}],"wp:attachment":[{"href":"https:\/\/www.esmedic.pl\/en\/wp-json\/wp\/v2\/media?parent=7247"}],"curies":[{"name":"wp","href":"https:\/\/api.w.org\/{rel}","templated":true}]}}