{"id":7249,"date":"2023-11-29T19:35:47","date_gmt":"2023-11-29T19:35:47","guid":{"rendered":"https:\/\/www.esmedic.pl\/?page_id=7249"},"modified":"2024-02-15T19:51:13","modified_gmt":"2024-02-15T19:51:13","slug":"privacy-policy-2","status":"publish","type":"page","link":"https:\/\/www.esmedic.pl\/en\/privacy-policy-2\/","title":{"rendered":"Privacy policy"},"content":{"rendered":"<h2 class=\"wp-block-heading\"><strong>ESMEDIC privacy policy<\/strong><\/h2>\r\n<p class=\"wp-block-heading\"><br \/>https:\/\/esmedic.pl<\/p>\r\n<h3 class=\"wp-block-heading\"><br \/><strong>PERSONAL DATA ADMINISTRATOR (&#8222;Administrator&#8221;)<\/strong><\/h3>\r\n<p class=\"wp-block-heading\"><br \/>NANO ONE GROUP SP\u00d3\u0141KA Z OGRANICZON\u0104 ODPOWIEDZIALNO\u015aCI\u0104 with its<br \/>registered office at al. Krakowska 165\/b17, 05-552 \u0141azy, entered into the National Court<br \/>Register &#8211; Register of Entrepreneurs by the District Court for the Capital City of Warsaw.<br \/>WARSAW IN WARSAW, 14TH COMMERCIAL DEPARTMENT OF THE NATIONAL COURT<br \/>REGISTER, KRS no. 0000924421, NIP 7831843940, REGON no. 520064629, share capital:<br \/>PLN 5,000.00.<\/p>\r\n<h3 class=\"wp-block-heading\"><br \/><strong>PERSONAL INFORMATION AND PRIVACY<\/strong><\/h3>\r\n<p class=\"wp-block-heading\"><br \/>If you intend to create a User Account and use our services, you will be asked<br \/>to provide us with your personal data.<br \/>Your data is processed by us for the purposes indicated below, related to the operation<br \/>of the Store and the provision of services offered therein (&#8222;Services&#8221;).<\/p>\r\n<p class=\"wp-block-heading\"><br \/><strong>Purpose of processing:<\/strong><br \/>Depending on what you decide on, it may be:<br \/>&#8211; Provision of services offered in the Store<br \/>&#8211; Fulfillment of your orders<br \/>&#8211; Direct marketing of the services offered, other than the newsletter<br \/>&#8211; Sending the newsletter<\/p>\r\n<p class=\"wp-block-heading\"><br \/><strong>Processing basis:<\/strong><br \/>&#8211; Sales contract or actions taken at your request aimed at concluding it<br \/>(Article 6(1)(b) of the GDPR)<br \/>&#8211; Our legal obligation, e.g. related to accounting (Article 6(1)(c) of the GDPR)<br \/>&#8211; Your consent expressed in the Store (Article 6(1)(a) of the GDPR)<br \/>&#8211; A contract for the provision of services or actions taken at your request aimed<br \/>at concluding it (Article 6(1)(b) of the GDPR)<br \/>&#8211; Our legitimate interest in processing data for the purpose of establishing,<br \/>pursuing or defending possible claims (Article 6(1)(f) of the GDPR)<br \/>&#8211; Our legitimate interest in conducting direct marketing (Article 6(1)(f) of the<br \/>GDPR)<br \/>&#8211; Our legitimate interest in processing data for analytical and statistical<br \/>purposes (Article 6(1)(f) of the GDPR)<br \/>&#8211; Our legitimate interest in customer satisfaction surveys (Article 6(1)(f) of the<br \/>GDPR)<\/p>\r\n<p class=\"wp-block-heading\"><br \/><strong>Providing data:<\/strong><br \/>Voluntary, but in some cases may be necessary to conclude a contract.<\/p>\r\n<p class=\"wp-block-heading\"><br \/><strong>Scope of data provision:<\/strong><br \/>The Administrator, via the Website and other forms of communication, collects and<br \/>processes the following personal data of Users provided during the registration processes on<br \/>the Website:<br \/>&#8211; first name and last name,<br \/>&#8211; address,<br \/>&#8211; e-mail adress,<br \/>&#8211; Phone number,<br \/>in the case of business entities:<br \/>&#8211; NIP number,<br \/>&#8211; company name,<br \/>&#8211; company headquarters address.<\/p>\r\n<p class=\"wp-block-heading\"><br \/><strong>Consequence of failure to provide data:<\/strong><br \/>Depending on the purpose for which the data is provided:<br \/>&#8211; inability to register in the Store<br \/>&#8211; inability to use the Store&#8217;s services<br \/>&#8211; inability to make purchases in the Store<br \/>&#8211; inability to receive information about promotions or special offers<br \/>offered in the Store<\/p>\r\n<p class=\"wp-block-heading\"><br \/><strong>Possibility to withdraw consent:<\/strong><br \/>&#8211; anytime<br \/>Data processing remains lawful until you withdraw your consent.<\/p>\r\n<p class=\"wp-block-heading\"><br \/><strong>PROFILING<\/strong><br \/>Within the Store, we can automatically adjust certain content to your needs, i.e. perform<br \/>profiling, using the personal data provided by you.<br \/>If profiling could result in making decisions that produce legal effects for you or affect<br \/>you in a similarly significant way, we will only carry out profiling if you consent to it.<br \/>Remember that you can withdraw your consent at any time. Data processing remains<br \/>lawful until you withdraw your consent.<\/p>\r\n<p class=\"wp-block-heading\"><br \/><strong>PROCESSING PERIOD<\/strong><br \/>We will process your data only for the period in which we have a legal basis for doing so, i.e.<br \/>until:<br \/>&#8211; we will no longer have a legal obligation to process your data<br \/>&#8211; the parties will no longer be able to establish, pursue or defend any claims<br \/>related to the contract concluded by the Store<br \/>&#8211; you withdraw your consent to data processing if it was the basis for it<br \/>&#8211; your objection to the processing of your personal data will be accepted &#8211; if the<br \/>basis for the processing of your data was the legitimate interest of the<br \/>administrator or if the data were processed for direct marketing purposes,<br \/>including profiling<br \/>&#8211; depending on what is applicable in a given case and what will happen at the latest.<\/p>\r\n<p class=\"wp-block-heading\"><br \/><strong>DATA SAFETY<\/strong><br \/>When processing your personal data, we use organizational and technical measures in<br \/>accordance with applicable law, including encryption of the connection using an SSL<br \/>certificate.<\/p>\r\n<p class=\"wp-block-heading\"><br \/><strong>YOUR RIGHTS<\/strong><br \/>You have the right to request:<br \/>&#8211; access to your personal data,<br \/>&#8211; their corrections,<br \/>&#8211; deletion,<br \/>&#8211; processing restrictions,<br \/>&#8211; request to transfer data to another administrator,<br \/>And:<br \/>&#8211; object to the processing of your data at any time:<br \/>a). for reasons related to your particular situation &#8211; regarding the processing<br \/>of personal data concerning you, based on Art. 6 section 1 letter f GDPR (i.e.<br \/>on legitimate interests pursued by the administrator), including profiling<br \/>based on these provisions,<br \/>b). if personal data are processed for the purposes of direct marketing,<br \/>including profiling, to the extent that the processing is related to such direct<br \/>marketing.<br \/>Please contact us if you wish to exercise your rights.<br \/>If you believe that your data is being processed unlawfully, you can submit a complaint<br \/>to the supervisory authority.<\/p>\r\n<p class=\"wp-block-heading\"><br \/><strong>COOKIES<\/strong><br \/>Our Store, like most websites, uses the so-called cookies (cookies). These files:<br \/>&#8211; are saved in the memory of your device (computer, phone, etc.)<br \/>&#8211; they enable you, among other things, to use all functions of the Store<br \/>&#8211; they do not change the settings of your device<br \/>By using the appropriate options of your browser, you can at any time:<br \/>&#8211; delete cookies<br \/>&#8211; block the use of cookies in the future<br \/>In this Store, cookies are used for the following purposes:<br \/>&#8211; remembering information about your session<br \/>&#8211; statistical<br \/>&#8211; marketing<br \/>&#8211; providing Store functions<br \/>To learn how to manage cookies, including how to disable them in your browser, you can use<br \/>your browser&#8217;s help file. You can read information about this by pressing the F1 key in your<br \/>browser. Additionally, you will find relevant tips on the following subpages, depending on the<br \/>browser you are using:<br \/>&#8211; Firefox<br \/>&#8211; Chrome<br \/>&#8211; Safari<br \/>&#8211; Internet Explorer\/Microsoft Edge<br \/>You can find more information about cookies on Wikipedia.<\/p>\r\n<p class=\"wp-block-heading\"><br \/><strong>EXTERNAL SERVICES\/DATA RECIPIENTS<\/strong><br \/>We use the services of external entities to which your data may be transferred.<br \/>Below is a list of possible recipients of your data:<br \/>&#8211; supplier of software needed to run an online store<br \/>&#8211; entity carrying out the delivery of goods<br \/>&#8211; payment provider<br \/>&#8211; accounting office<br \/>&#8211; relevant public authorities to the extent that the Administrator is obliged<br \/>to provide them with data<\/p>\r\n<p class=\"wp-block-heading\"><br \/><strong>CONTACT THE ADMINISTRATOR<\/strong><br \/>Write to the e-mail address:<br \/>biuro@esmedic.pl<\/p>\r\n\r\n\r\n\r\n<p>&nbsp;<\/p>","protected":false},"excerpt":{"rendered":"<p>ESMEDIC privacy policy https:\/\/esmedic.pl PERSONAL DATA ADMINISTRATOR (&#8222;Administrator&#8221;) NANO ONE GROUP SP\u00d3\u0141KA Z OGRANICZON\u0104 ODPOWIEDZIALNO\u015aCI\u0104 with itsregistered office at al. Krakowska 165\/b17, 05-552 \u0141azy, entered into the National CourtRegister &#8211; Register of Entrepreneurs by the District Court for the Capital City of Warsaw.WARSAW IN WARSAW, 14TH COMMERCIAL DEPARTMENT OF THE NATIONAL COURTREGISTER, KRS no. 0000924421, [&hellip;]<\/p>","protected":false},"author":1,"featured_media":0,"parent":0,"menu_order":0,"comment_status":"closed","ping_status":"closed","template":"","meta":{"footnotes":""},"_links":{"self":[{"href":"https:\/\/www.esmedic.pl\/en\/wp-json\/wp\/v2\/pages\/7249"}],"collection":[{"href":"https:\/\/www.esmedic.pl\/en\/wp-json\/wp\/v2\/pages"}],"about":[{"href":"https:\/\/www.esmedic.pl\/en\/wp-json\/wp\/v2\/types\/page"}],"author":[{"embeddable":true,"href":"https:\/\/www.esmedic.pl\/en\/wp-json\/wp\/v2\/users\/1"}],"replies":[{"embeddable":true,"href":"https:\/\/www.esmedic.pl\/en\/wp-json\/wp\/v2\/comments?post=7249"}],"version-history":[{"count":8,"href":"https:\/\/www.esmedic.pl\/en\/wp-json\/wp\/v2\/pages\/7249\/revisions"}],"predecessor-version":[{"id":7529,"href":"https:\/\/www.esmedic.pl\/en\/wp-json\/wp\/v2\/pages\/7249\/revisions\/7529"}],"wp:attachment":[{"href":"https:\/\/www.esmedic.pl\/en\/wp-json\/wp\/v2\/media?parent=7249"}],"curies":[{"name":"wp","href":"https:\/\/api.w.org\/{rel}","templated":true}]}}